{"id":86,"date":"2013-04-05T15:38:56","date_gmt":"2013-04-05T13:38:56","guid":{"rendered":"http:\/\/slpcup.gt132.de\/?page_id=86"},"modified":"2023-01-09T22:26:27","modified_gmt":"2023-01-09T21:26:27","slug":"technik","status":"publish","type":"page","link":"https:\/\/slpcup.gt132.de\/?page_id=86","title":{"rendered":"Technik"},"content":{"rendered":"<p><span style=\"color: #339966;\"><strong>SLP-Cup<\/strong><\/span><\/p>\n<p>Gl\u00fccklicherweise ist das <a href=\"http:\/\/www.rennserien-west.de\/rennserien\/reglements\/slp-cup_2013_reglement.pdf\" target=\"_new\" rel=\"noopener\">technische Reglement zum SLP-Cup<\/a> \u00e4u\u00dferst stabil. Man kann also problemlos mit einem 2008er Auto im Jahr 2023 noch Rennen gewinnen. Dennoch sollte man nicht vergessen, s\u00e4mtliche Schrauben anzuziehen und \u00fcberhaupt sein Auto vor dem Rennen einer gr\u00fcndlichen Inspektion zu unterziehen ;-).<\/p>\n<p>Bei der Vorbereitung helfen <a href=\"http:\/\/www.rennserien-west.de\/rennserien\/reglements\/slp-cup_2012w_technik.pdf\" target=\"_new\" rel=\"noopener\">Techniktipps<\/a> und <a href=\"http:\/\/www.rennserien-west.de\/rennserien\/reglements\/slp-cup_2011_checklisten.pdf\" target=\"_new\" rel=\"noopener\">Checklisten<\/a>. Viel Erfolg!<\/p>\n<p><strong><span style=\"color: #800000;\">GT3-Cup<\/span><\/strong><\/p>\n<p>Nach der Neuordnung und Umbenennung der Serie konnten unterschiedliche Teilegenerationen zueinander ausgeglichen werden und der Bastelaufwand bei Fahrzeugen\/Fahrwerken ist auf ein Minimum reduziert. Bei den Karossen wird eine &#8222;Balance of Performance&#8220; angestrebt. So erhielt der BMW M3 GTR \u00a0Erleichterungen und die Dodge Viper einige Handicaps. Zwischenzeitlich sind auch die Chassis vom Typ SC-8003 mit den Fahrzeugen des GT3-Cup in gemeinsamen Rennen chanchengleich einsetzbar. Es besteht hier eine enge Zusammenarbeit mit dem Hersteller.<\/p>\n","protected":false},"excerpt":{"rendered":"<p>SLP-Cup Gl\u00fccklicherweise ist das technische Reglement zum SLP-Cup \u00e4u\u00dferst stabil. Man kann also problemlos mit einem 2008er Auto im Jahr 2023 noch Rennen gewinnen. Dennoch sollte man nicht vergessen, s\u00e4mtliche Schrauben anzuziehen und \u00fcberhaupt sein Auto vor dem Rennen einer &hellip; <a href=\"https:\/\/slpcup.gt132.de\/?page_id=86\">Weiterlesen <span class=\"meta-nav\">&rarr;<\/span><\/a><\/p>\n","protected":false},"author":2,"featured_media":0,"parent":0,"menu_order":0,"comment_status":"open","ping_status":"closed","template":"sidebar-page.php","meta":{"footnotes":""},"class_list":["post-86","page","type-page","status-publish","hentry"],"aioseo_notices":[],"_links":{"self":[{"href":"https:\/\/slpcup.gt132.de\/index.php?rest_route=\/wp\/v2\/pages\/86","targetHints":{"allow":["GET"]}}],"collection":[{"href":"https:\/\/slpcup.gt132.de\/index.php?rest_route=\/wp\/v2\/pages"}],"about":[{"href":"https:\/\/slpcup.gt132.de\/index.php?rest_route=\/wp\/v2\/types\/page"}],"author":[{"embeddable":true,"href":"https:\/\/slpcup.gt132.de\/index.php?rest_route=\/wp\/v2\/users\/2"}],"replies":[{"embeddable":true,"href":"https:\/\/slpcup.gt132.de\/index.php?rest_route=%2Fwp%2Fv2%2Fcomments&post=86"}],"version-history":[{"count":26,"href":"https:\/\/slpcup.gt132.de\/index.php?rest_route=\/wp\/v2\/pages\/86\/revisions"}],"predecessor-version":[{"id":1934,"href":"https:\/\/slpcup.gt132.de\/index.php?rest_route=\/wp\/v2\/pages\/86\/revisions\/1934"}],"wp:attachment":[{"href":"https:\/\/slpcup.gt132.de\/index.php?rest_route=%2Fwp%2Fv2%2Fmedia&parent=86"}],"curies":[{"name":"wp","href":"https:\/\/api.w.org\/{rel}","templated":true}]}}