{"id":11,"date":"2013-04-05T00:08:57","date_gmt":"2013-04-04T22:08:57","guid":{"rendered":"http:\/\/ixracing.gt132.de\/?page_id=11"},"modified":"2026-03-23T22:37:52","modified_gmt":"2026-03-23T21:37:52","slug":"ausschreibung","status":"publish","type":"page","link":"https:\/\/slpcup.gt132.de\/?page_id=11","title":{"rendered":"Ausschreibungen, Reglements, Termine"},"content":{"rendered":"\n<p><strong>Scaleauto-GT3-Cup 2025.26 <\/strong><\/p>\n\n\n\n<p>Der Scaleauto-GT3-Cup startet ins zw\u00f6lfte Jahr. Die Saison startet nach dem Scaleauto-Deutschlandcup in die Saison, mit vier L\u00e4ufen zwischen September 2025 bis April 2026.<\/p>\n\n\n\n<figure class=\"wp-block-gallery has-nested-images columns-default is-cropped wp-block-gallery-1 is-layout-flex wp-block-gallery-is-layout-flex\">\n<figure class=\"wp-block-image size-large\"><img loading=\"lazy\" decoding=\"async\" width=\"1024\" height=\"478\" data-id=\"2673\" src=\"https:\/\/slpcup.gt132.de\/wp-content\/uploads\/GT3CUP202526-1-1024x478.png\" alt=\"\" class=\"wp-image-2673\" srcset=\"https:\/\/slpcup.gt132.de\/wp-content\/uploads\/GT3CUP202526-1-1024x478.png 1024w, https:\/\/slpcup.gt132.de\/wp-content\/uploads\/GT3CUP202526-1-300x140.png 300w, https:\/\/slpcup.gt132.de\/wp-content\/uploads\/GT3CUP202526-1-768x359.png 768w, https:\/\/slpcup.gt132.de\/wp-content\/uploads\/GT3CUP202526-1-500x234.png 500w, https:\/\/slpcup.gt132.de\/wp-content\/uploads\/GT3CUP202526-1.png 1032w\" sizes=\"auto, (max-width: 1024px) 100vw, 1024px\" \/><\/figure>\n<\/figure>\n\n\n\n<p>Gefahren werden GT3-Fahrzeuge und thematisch dazu passende ALMS-, GT2-, IMSA- und Le Mans-Fahrzeuge des Herstellers \u201eScaleauto\u201c. Die freigegebenen Karosserien, die daran notwendigen und dar\u00fcber hinaus zul\u00e4ssigen Ver\u00e4nderungen ergeben sich aus dem technischen Reglement und den Datenbl\u00e4ttern je Fahrzeugtyp.<br><br>Es k\u00f6nnen Fahrzeuge mit einem Chassis der Typen Scaleau.to SC-8000, Scaleauto SC-8003 (RC2), SC-8003 (RC2) mit Scaleauto Upgrade-Set f\u00fcr RC2 Chassis (SC-8280) oder SC-8200 SPORT M (RC3) eingesetzt werden<br><br>Alle Ausf\u00fchrungen fahren ihr Rennen gemeinsam und werden gemeinsam gewertet.<br>Eine \u201eBalance of Performance\u201c hat zum Ziel, das mit allen Fahrwerkstypen und allen zugelassenen Karosserien konkurrenzf\u00e4hige Fahrzeuge aufgebaut werden k\u00f6nnen.<\/p>\n\n\n\n<p>Die Termine im Einzelnen:<\/p>\n\n\n\n<p><strong>Scaleauto-GT3-Cup 2025.26<\/strong><\/p>\n\n\n\n<p><strong>11.10.25<\/strong> Schnoogeloch-Bergstra\u00dfe, Zwingenberg, <a href=\"https:\/\/schnoogeloch-bergstrasse.de\/\" title=\"\">https:\/\/schnoogeloch-bergstrasse.de\/<\/a><br><strong>31.01.26<\/strong> Rannbahn-Land Franken,Schwaig, <a href=\"http:\/\/www.slotland-franken.de\/\" title=\"\">http:\/\/www.slotland-franken.de\/<\/a><br><strong>28.02.26<\/strong> Zieboslot, Mutterstadt, <a href=\"http:\/\/www.zieboslot.de\/\" title=\"\">http:\/\/www.zieboslot.de\/<\/a><br><strong>28.03.26<\/strong> SCD Bosch, Schwieberdingen, <a href=\"https:\/\/www.slotracing-schwieberdingen.de\/\" title=\"\">https:\/\/www.slotracing-schwieberdingen.de\/<\/a><\/p>\n\n\n\n<p><strong>Infos zum GT3-Cup<\/strong><\/p>\n\n\n\n<ul class=\"wp-block-list\">\n<li style=\"font-size:16px\"><a href=\"https:\/\/slpcup.gt132.de\/wp-content\/uploads\/202526-GT3-Cup-Renninformation-1.pdf\" target=\"_blank\" rel=\"noopener\" title=\"zur Renninformation\">Veranstaltungsinformation<\/a>, <br>Teilnahme, Anmeldung zur Saison 2025\/2026<\/li>\n\n\n\n<li style=\"font-size:16px\"><a href=\"https:\/\/slpcup.gt132.de\/wp-content\/uploads\/202526-GT3-Cup-Reglement-V201-20251005.pdf\" target=\"_blank\" rel=\"noopener\" title=\"zum Reglement\">Technisches Reglement<\/a><\/li>\n\n\n\n<li style=\"font-size:16px\">Datenbl\u00e4tter der zugelassenen Karosserietypen<br><a href=\"https:\/\/slpcup.gt132.de\/wp-content\/uploads\/2026-DCup-991-RSR.pdf\" target=\"_blank\" rel=\"noopener\" title=\"zum Fahrzeugdatenblatt\">SCALEAUTO 991 RSR<\/a><br><a href=\"https:\/\/slpcup.gt132.de\/wp-content\/uploads\/2026-DCup-997-GT3-RSR.pdf\" target=\"_blank\" rel=\"noopener\" title=\"Zum Fahrzeugdatenblatt\">SCALEAUTO 997 GT3 RSR<\/a><br><a href=\"https:\/\/slpcup.gt132.de\/wp-content\/uploads\/2026-DCup-A7R.pdf\" target=\"_blank\" rel=\"noopener\" title=\"Zum Fahrzeugdatenblatt\">SCALEAUTO A7R<\/a><br><a href=\"https:\/\/slpcup.gt132.de\/wp-content\/uploads\/2026-DCup-LMS-GT3.pdf\" target=\"_blank\" rel=\"noopener\" title=\"Zum Fahrzeugdatenblatt\">SCALEAUTO LMS GT3<\/a><br><a href=\"https:\/\/slpcup.gt132.de\/wp-content\/uploads\/2026-DCup-LMS-GT3-2016.pdf\" target=\"_blank\" rel=\"noopener\" title=\"Zum Fahrzeugdatenblatt\">SCALEAUTO LMS GT3 2016<\/a><br><a href=\"https:\/\/slpcup.gt132.de\/wp-content\/uploads\/2026-DCup-M3-GTR.pdf\" target=\"_blank\" rel=\"noopener\" title=\"Zum Fahrzeugdatenblatt\">SCALEAUTO M3 GTR<\/a><br><a href=\"https:\/\/slpcup.gt132.de\/wp-content\/uploads\/2026-DCup-M6-GT3.pdf\" target=\"_blank\" rel=\"noopener\" title=\"Zum Fahrzeugdatenblatt\">SCALEAUTO M6 GTE<\/a><br><a href=\"https:\/\/slpcup.gt132.de\/wp-content\/uploads\/2026-DCup-M8-GTE.pdf\" target=\"_blank\" rel=\"noopener\" title=\"Zum Fahzeugdatenblatt\">SCALEAUTO M8 GTE<\/a><br><a href=\"https:\/\/slpcup.gt132.de\/wp-content\/uploads\/2026-DCup-SLS-GT3.pdf\" target=\"_blank\" rel=\"noopener\" title=\"Zum Fahrzeugdatenblatt\">SCALEAUTO SLS GT3<\/a><br><a href=\"https:\/\/slpcup.gt132.de\/wp-content\/uploads\/2026-DCup-SRT-GTS-R.pdf\" target=\"_blank\" rel=\"noopener\" title=\"Zum Fahrzeugdatenblatt\">SCALEAUTO SRT GTS-R<\/a><br><a href=\"https:\/\/slpcup.gt132.de\/wp-content\/uploads\/2026-DCup-XKR-RSR-GT2.pdf\" target=\"_blank\" rel=\"noopener\" title=\"Zum Fahrzeugdatenblatt\">SCALEAUTO XKR-RSR GT2<\/a><br><a href=\"https:\/\/slpcup.gt132.de\/wp-content\/uploads\/2026-DCup-Z4-GT3.pdf\" target=\"_blank\" rel=\"noopener\" title=\"Zum Fahrzeugdatenblatt\">SCALEAUTO Z4 GT3<\/a><\/li>\n<\/ul>\n\n\n\n<p style=\"font-size:18px\"><strong>SLP-Cup Mitte 2026<\/strong><\/p>\n\n\n\n<figure class=\"wp-block-image size-full\"><img loading=\"lazy\" decoding=\"async\" width=\"640\" height=\"320\" src=\"https:\/\/slpcup.gt132.de\/wp-content\/uploads\/lg_slp-cup_640.jpg\" alt=\"\" class=\"wp-image-1759\" srcset=\"https:\/\/slpcup.gt132.de\/wp-content\/uploads\/lg_slp-cup_640.jpg 640w, https:\/\/slpcup.gt132.de\/wp-content\/uploads\/lg_slp-cup_640-300x150.jpg 300w, https:\/\/slpcup.gt132.de\/wp-content\/uploads\/lg_slp-cup_640-500x250.jpg 500w\" sizes=\"auto, (max-width: 640px) 100vw, 640px\" \/><\/figure>\n\n\n\n<p>Und weiter geht es mit dem SLP-Cup. Die Regeln sind unver\u00e4ndert, gleiches gilt f\u00fcr den hohen Spassfaktor. So werden immer noch Fahrzeuge und Komponenten aus den Anfangsjahren erfolgreich eingesetzt. Der Gesamtsieg in 2024 wurde zum Teil mit Chassis und Karossen aus 2008 und 2010 eingefahren.<\/p>\n\n\n\n<p>Die Produktion des vorgeschriebenen Plafit-Chassis wurde eingestellt. Interessierte Neueinsteiger k\u00f6nnen Chassis \u00fcber die Serienveranstalter anfragen. Gleiches gilt f\u00fcr den Einsatz von Leihfahrzeugen bei Gaststarts.<\/p>\n\n\n\n<p>*Hinweis: Als <strong>Fahrereinsatz <\/strong>ist ausschlie\u00dflich ein Tiefziehteil aus dem Lieferprogramm von do-slot homologiert. Im Reglementstext ist als Bezugsquelle auch das Renn-Center-Trier genannt. Dort wird aber kein Teileshop mehr angeboten. Bitte bei do-slot bestellen oder den Serienveranstaltern (s. Ausschreibung) anfragen.<\/p>\n\n\n\n<pre class=\"wp-block-code\"><code><\/code><\/pre>\n\n\n\n<p>Die Termine im Einzelnen:<\/p>\n\n\n\n<figure class=\"wp-block-table is-style-regular has-small-font-size\"><table><tbody><tr><td><strong>18.04.2026<\/strong><\/td><td>Schnoogeloch-Bergstra\u00dfe, Zwingenberg, <a href=\"https:\/\/schnoogeloch-bergstrasse.de\/\" title=\"\">https:\/\/schnoogeloch-bergstrasse.de\/<\/a><\/td><\/tr><tr><td><strong>20.06.2026<\/strong><\/td><td>SCD Bosch, Schwieberdingen, <a href=\"https:\/\/www.slotracing-schwieberdingen.de\/\" title=\"\">https:\/\/www.slotracing-schwieberdingen.de\/<\/a><\/td><\/tr><tr><td><strong>24.10.2026<\/strong><\/td><td>Zieboslot, Mutterstadt, <a href=\"http:\/\/www.zieboslot.de\/\" title=\"\">http:\/\/www.zieboslot.de\/<\/a><\/td><\/tr><tr><td><strong>28.11.2026<\/strong><\/td><td>RTR Idstein, Carrerabahn, 6 Spuren, <a href=\"http:\/\/www.rheingau-taunus-ring.de.rs\/\" title=\"\">http:\/\/www.rheingau-taunus-ring.de.rs\/<\/a><\/td><\/tr><\/tbody><\/table><\/figure>\n\n\n\n<p><a href=\"https:\/\/slpcup.gt132.de\/wp-content\/uploads\/2026-slp-cup-Renninformation-v1.pdf\" target=\"_blank\" rel=\"noopener\" title=\"Zur Serieninformation\">Informationen zur Anmeldung und zum Ablauf der Veranstaltungen [klick]<\/a><\/p>\n\n\n\n<p><span style=\"font-size: revert;\">Das aktuelle technische Reglement sowie s\u00e4mtliche technischen Unterlagen (inkl. Tipps zum Aufbau der Fahrzeuge) findet Ihr <\/span><strong style=\"font-size: revert;\"><a href=\"http:\/\/www.rennserien-west.de\/rennserien\/west_rslp-cup.htm\" target=\"_blank\" rel=\"noreferrer noopener\">hier<\/a><\/strong><span style=\"font-size: revert;\"> bei den Kollegen im Westen.<\/span>    <\/p>\n\n\n\n<p><\/p>\n","protected":false},"excerpt":{"rendered":"<p>Scaleauto-GT3-Cup 2025.26 Der Scaleauto-GT3-Cup startet ins zw\u00f6lfte Jahr. Die Saison startet nach dem Scaleauto-Deutschlandcup in die Saison, mit vier L\u00e4ufen zwischen September 2025 bis April 2026. Gefahren werden GT3-Fahrzeuge und thematisch dazu passende ALMS-, GT2-, IMSA- und Le Mans-Fahrzeuge des &hellip; <a href=\"https:\/\/slpcup.gt132.de\/?page_id=11\">Weiterlesen <span class=\"meta-nav\">&rarr;<\/span><\/a><\/p>\n","protected":false},"author":5,"featured_media":0,"parent":0,"menu_order":0,"comment_status":"closed","ping_status":"closed","template":"sidebar-page.php","meta":{"footnotes":""},"class_list":["post-11","page","type-page","status-publish","hentry"],"aioseo_notices":[],"_links":{"self":[{"href":"https:\/\/slpcup.gt132.de\/index.php?rest_route=\/wp\/v2\/pages\/11","targetHints":{"allow":["GET"]}}],"collection":[{"href":"https:\/\/slpcup.gt132.de\/index.php?rest_route=\/wp\/v2\/pages"}],"about":[{"href":"https:\/\/slpcup.gt132.de\/index.php?rest_route=\/wp\/v2\/types\/page"}],"author":[{"embeddable":true,"href":"https:\/\/slpcup.gt132.de\/index.php?rest_route=\/wp\/v2\/users\/5"}],"replies":[{"embeddable":true,"href":"https:\/\/slpcup.gt132.de\/index.php?rest_route=%2Fwp%2Fv2%2Fcomments&post=11"}],"version-history":[{"count":137,"href":"https:\/\/slpcup.gt132.de\/index.php?rest_route=\/wp\/v2\/pages\/11\/revisions"}],"predecessor-version":[{"id":2815,"href":"https:\/\/slpcup.gt132.de\/index.php?rest_route=\/wp\/v2\/pages\/11\/revisions\/2815"}],"wp:attachment":[{"href":"https:\/\/slpcup.gt132.de\/index.php?rest_route=%2Fwp%2Fv2%2Fmedia&parent=11"}],"curies":[{"name":"wp","href":"https:\/\/api.w.org\/{rel}","templated":true}]}}